{"id":61,"date":"2025-11-18T08:34:43","date_gmt":"2025-11-18T08:34:43","guid":{"rendered":"https:\/\/www.unepiecedhistoire.com\/?page_id=61"},"modified":"2025-11-18T08:34:43","modified_gmt":"2025-11-18T08:34:43","slug":"61-2","status":"publish","type":"page","link":"https:\/\/www.unepiecedhistoire.com\/","title":{"rendered":""},"content":{"rendered":"\n<p>Des bijoux porteurs d\u2019histoire<\/p>\n\n\n\n<p>Cr\u00e9ations artisanales fa\u00e7onn\u00e9es \u00e0 partir d\u2019authentiques pi\u00e8ces anciennes.<\/p>\n\n\n\n<p>Chaque bijou que je cr\u00e9e contient une histoire v\u00e9ritable.<br>Je transforme des pi\u00e8ces de monnaies anciennes, parfois centenaires, en bijoux uniques, r\u00e9alis\u00e9s \u00e0 la main en France dans mon petit atelier, avec respect, pr\u00e9cision et passion.<\/p>\n\n\n\n<p><\/p>\n\n\n\n<p>Bien que je propose certaines cr\u00e9ations, en plusieurs exemplaires, chaque <strong>cr\u00e9ation est unique<\/strong><\/p>\n\n\n\n<p>Chaque pi\u00e8ce est s\u00e9lectionn\u00e9e pour son histoire, son caract\u00e8re et son \u00e2me.<\/p>\n\n\n\n<p><\/p>\n\n\n\n<p><strong>L\u2019histoire derri\u00e8re chaque bijou<\/strong><\/p>\n\n\n\n<p>Au c\u0153ur de mon atelier, je redonne vie \u00e0 de v\u00e9ritables fragments du pass\u00e9 : anciens francs, monnaies oubli\u00e9es, pi\u00e8ces venues de r\u00e9gions et d\u2019\u00e9poques diff\u00e9rentes.<\/p>\n\n\n\n<p>Je ne travaille qu\u2019avec des pi\u00e8ces authentiques, choisies pour leur histoire et leur patine naturelle.<\/p>\n\n\n\n<p><strong>&#8220;Quand le pass\u00e9 devient un bijou&#8221;<\/strong><br>Dans mes mains, elles deviennent des bijoux \u00e0 porter, transmettant un h\u00e9ritage qui traverse les \u00e9poques.<\/p>\n\n\n\n<p><\/p>\n\n\n\n<h3 class=\"wp-block-heading\"><strong>Savoir-faire artisanal<\/strong><\/h3>\n\n\n\n<p>Chaque cr\u00e9ation est enti\u00e8rement faite \u00e0 la main :<\/p>\n\n\n\n<ul class=\"wp-block-list\">\n<li>s\u00e9lection de la pi\u00e8ce<\/li>\n\n\n\n<li>nettoyage respectueux<\/li>\n\n\n\n<li>fa\u00e7onnage d\u00e9licat<\/li>\n\n\n\n<li>montage bijoutier<\/li>\n\n\n\n<li>finitions soign\u00e9es<\/li>\n<\/ul>\n\n\n\n<p>Aucun proc\u00e9d\u00e9 industriel.<br>Juste du travail manuel, de la pr\u00e9cision et un v\u00e9ritable amour des objets anciens.<\/p>\n\n\n\n<p><\/p>\n\n\n\n<h2 class=\"wp-block-heading\"><strong>Pourquoi choisir Une Pi\u00e8ce d\u2019Histoire ?<\/strong><\/h2>\n\n\n\n<ul class=\"wp-block-list\">\n<li><strong>Authenticit\u00e9 garantie<\/strong> : des pi\u00e8ces anciennes v\u00e9ritables<\/li>\n\n\n\n<li><strong>Bijoux uniques<\/strong> : impossible de trouver deux cr\u00e9ations 100% identiques<\/li>\n\n\n\n<li><strong>Fabrication artisanale<\/strong> : enti\u00e8rement faite en France<\/li>\n\n\n\n<li><strong>\u00c9motion<\/strong> : un bijou qui raconte quelque chose<\/li>\n\n\n\n<li><strong>\u00c9thique<\/strong> : r\u00e9cup\u00e9ration, transformation, transmission<\/li>\n<\/ul>\n\n\n\n<p><\/p>\n\n\n\n<p>J&#8217;esp\u00e8re vous emportez avec moi dans cette aventure, que ce soit pour vous ou pour offrir.<\/p>\n\n\n\n<p>Julien \/ Une Pi\u00e8ce d&#8217;Histoire \/ Bijoux artisanaux en pi\u00e8ces anciennes \u2014 fabriqu\u00e9s en France<\/p>\n\n\n\n<p><\/p>\n","protected":false},"excerpt":{"rendered":"<p>Des bijoux porteurs d\u2019histoire Cr\u00e9ations artisanales fa\u00e7onn\u00e9es \u00e0 partir d\u2019authentiques pi\u00e8ces anciennes. Chaque bijou que je cr\u00e9e contient une histoire v\u00e9ritable.Je transforme des pi\u00e8ces de monnaies anciennes, parfois centenaires, en bijoux uniques, r\u00e9alis\u00e9s \u00e0 la main en France dans mon petit atelier, avec respect, pr\u00e9cision et passion. Bien que je propose certaines cr\u00e9ations, en plusieurs [&hellip;]<\/p>\n","protected":false},"author":1,"featured_media":0,"parent":0,"menu_order":0,"comment_status":"closed","ping_status":"closed","template":"","meta":{"footnotes":""},"class_list":["post-61","page","type-page","status-publish","hentry"],"_links":{"self":[{"href":"https:\/\/www.unepiecedhistoire.com\/index.php\/wp-json\/wp\/v2\/pages\/61","targetHints":{"allow":["GET"]}}],"collection":[{"href":"https:\/\/www.unepiecedhistoire.com\/index.php\/wp-json\/wp\/v2\/pages"}],"about":[{"href":"https:\/\/www.unepiecedhistoire.com\/index.php\/wp-json\/wp\/v2\/types\/page"}],"author":[{"embeddable":true,"href":"https:\/\/www.unepiecedhistoire.com\/index.php\/wp-json\/wp\/v2\/users\/1"}],"replies":[{"embeddable":true,"href":"https:\/\/www.unepiecedhistoire.com\/index.php\/wp-json\/wp\/v2\/comments?post=61"}],"version-history":[{"count":1,"href":"https:\/\/www.unepiecedhistoire.com\/index.php\/wp-json\/wp\/v2\/pages\/61\/revisions"}],"predecessor-version":[{"id":63,"href":"https:\/\/www.unepiecedhistoire.com\/index.php\/wp-json\/wp\/v2\/pages\/61\/revisions\/63"}],"wp:attachment":[{"href":"https:\/\/www.unepiecedhistoire.com\/index.php\/wp-json\/wp\/v2\/media?parent=61"}],"curies":[{"name":"wp","href":"https:\/\/api.w.org\/{rel}","templated":true}]}}